{"id":102,"date":"2016-10-31T10:19:14","date_gmt":"2016-10-31T10:19:14","guid":{"rendered":"http:\/\/smartwpress.com\/lucille3\/?page_id=102"},"modified":"2026-02-02T18:06:29","modified_gmt":"2026-02-02T18:06:29","slug":"contactos","status":"publish","type":"page","link":"https:\/\/viviane.pt\/index.php\/contactos\/","title":{"rendered":"Contactos"},"content":{"rendered":"<p>Deixe aqui o seu coment\u00e1rio. Adoraria saber a sua opini\u00e3o. Siga-me nas redes sociais ou use este formul\u00e1rio de contacto para enviar um e-mail.<\/p>\n<p>Leave your comment here I would love to hear your opinion. Follow me on social media or use this contact form to send an email.<\/p>\n\n\n<p><\/p>\n","protected":false},"excerpt":{"rendered":"<p>Deixe aqui o seu coment\u00e1rio. Adoraria saber a sua opini\u00e3o. Siga-me nas redes sociais ou use este formul\u00e1rio de contacto para enviar um e-mail. Leave your comment here I would love to hear your opinion. Follow me on social media&#8230;<\/p>\n","protected":false},"author":1,"featured_media":0,"parent":0,"menu_order":0,"comment_status":"closed","ping_status":"closed","template":"template-contact.php","meta":{"footnotes":""},"class_list":["post-102","page","type-page","status-publish","hentry"],"_links":{"self":[{"href":"https:\/\/viviane.pt\/index.php\/wp-json\/wp\/v2\/pages\/102","targetHints":{"allow":["GET"]}}],"collection":[{"href":"https:\/\/viviane.pt\/index.php\/wp-json\/wp\/v2\/pages"}],"about":[{"href":"https:\/\/viviane.pt\/index.php\/wp-json\/wp\/v2\/types\/page"}],"author":[{"embeddable":true,"href":"https:\/\/viviane.pt\/index.php\/wp-json\/wp\/v2\/users\/1"}],"replies":[{"embeddable":true,"href":"https:\/\/viviane.pt\/index.php\/wp-json\/wp\/v2\/comments?post=102"}],"version-history":[{"count":3,"href":"https:\/\/viviane.pt\/index.php\/wp-json\/wp\/v2\/pages\/102\/revisions"}],"predecessor-version":[{"id":2743,"href":"https:\/\/viviane.pt\/index.php\/wp-json\/wp\/v2\/pages\/102\/revisions\/2743"}],"wp:attachment":[{"href":"https:\/\/viviane.pt\/index.php\/wp-json\/wp\/v2\/media?parent=102"}],"curies":[{"name":"wp","href":"https:\/\/api.w.org\/{rel}","templated":true}]}}