{"id":2662,"date":"2016-11-15T14:52:33","date_gmt":"2016-11-15T14:52:33","guid":{"rendered":"http:\/\/smartwpress.com\/lucille\/?page_id=1999"},"modified":"2026-02-08T19:01:39","modified_gmt":"2026-02-08T19:01:39","slug":"main-page","status":"publish","type":"page","link":"https:\/\/viviane.pt\/","title":{"rendered":"Main Page"},"content":{"rendered":"<div class=\"wpb-content-wrapper\"><p>[vc_row][vc_column][rev_slider_vc alias=&#8221;SliderMainDemo&#8221;][\/vc_column][\/vc_row][vc_row js_color_overlay=&#8221;#1b1b1b&#8221;][vc_column css=&#8221;.vc_custom_1770573199386{margin-top: 40px !important;}&#8221;]\t\r\n\t<div class=\"lc_vc_section_title text_center\">\r\n\t\t<h2 class=\"section_title\">Video em <span class=\"lc_vibrant_color\">Destaque<\/span><\/h2>\r\n\t\t<h4 class=\"section_subtitle\"><span>Alfama<\/span><\/h4>\r\n\t<\/div>\r\n\t\r\n\t[vc_empty_space height=&#8221;40px&#8221;]\t\r\n\t<div class=\"lc_swp_boxed vc_video_container\">\r\n\t\t<div class=\"lc_embed_video_container_full\">\r\n\t\t\t\t\t\t\t\t<iframe src=\"https:\/\/www.youtube.com\/embed\/1TDvEqmEYR0?autoplay=0&amp;enablejsapi=1&amp;wmode=transparent&amp;rel=0&amp;showinfo=0\" allowfullscreen><\/iframe>';\r\n\t\t\t\t\t\t<\/div>\r\n\t<\/div>\r\n\t\r\n\t[vc_row_inner css=&#8221;.vc_custom_1479812469116{margin-top: 80px !important;margin-bottom: 60px !important;}&#8221;][vc_column_inner]\t\r\n\t<div class=\"lc_vc_section_title text_center\">\r\n\t\t<h2 class=\"section_title\">Pr\u00f3ximos <span class=\"lc_vibrant_color\">Concertos<\/span><\/h2>\r\n\t\t<h4 class=\"section_subtitle\">2026<\/h4>\r\n\t<\/div>\r\n\t\r\n\t[\/vc_column_inner][\/vc_row_inner][vc_row_inner css=&#8221;.vc_custom_1479812495937{margin-top: 80px !important;margin-bottom: 80px !important;}&#8221;][vc_column_inner css=&#8221;.vc_custom_1770574583611{margin-top: -20px !important;}&#8221;][\/vc_column_inner][\/vc_row_inner][\/vc_column][\/vc_row][vc_row][vc_column css=&#8221;.vc_custom_1757701519313{background-color: #0a0a0a !important;}&#8221;][vc_row_inner css=&#8221;.vc_custom_1480013705392{margin-top: 80px !important;margin-bottom: 60px !important;}&#8221;][vc_column_inner]\t\r\n\t<div class=\"lc_vc_section_title text_center\">\r\n\t\t<h2 class=\"section_title\">\u00daltimo <span class=\"lc_vibrant_color\">Album<\/span><\/h2>\r\n\t\t<h4 class=\"section_subtitle\">Quando Tiveres Tempo<\/h4>\r\n\t<\/div>\r\n\t\r\n\t[\/vc_column_inner][\/vc_row_inner][vc_row_inner css=&#8221;.vc_custom_1480013713667{margin-top: 60px !important;margin-bottom: 80px !important;}&#8221;][vc_column_inner]\t<div class=\"lc_swp_boxed clearfix\">\r\n\t\t<div class=\"album_left vc_elem_album\">\r\n\t\t\t<a href=\"https:\/\/viviane.pt\/index.php\/js_albums\/quandotiverestempo\/\">\r\n\t\t\t\t<img loading=\"lazy\" decoding=\"async\" width=\"2560\" height=\"2560\" src=\"https:\/\/viviane.pt\/wp-content\/uploads\/2016\/11\/Viviane_cover-3000-scaled.jpg\" class=\"attachment-post-thumbnail size-post-thumbnail wp-post-image\" alt=\"\" srcset=\"https:\/\/viviane.pt\/wp-content\/uploads\/2016\/11\/Viviane_cover-3000-scaled.jpg 2560w, https:\/\/viviane.pt\/wp-content\/uploads\/2016\/11\/Viviane_cover-3000-300x300.jpg 300w, https:\/\/viviane.pt\/wp-content\/uploads\/2016\/11\/Viviane_cover-3000-1024x1024.jpg 1024w, https:\/\/viviane.pt\/wp-content\/uploads\/2016\/11\/Viviane_cover-3000-150x150.jpg 150w, https:\/\/viviane.pt\/wp-content\/uploads\/2016\/11\/Viviane_cover-3000-768x768.jpg 768w, https:\/\/viviane.pt\/wp-content\/uploads\/2016\/11\/Viviane_cover-3000-1536x1536.jpg 1536w, https:\/\/viviane.pt\/wp-content\/uploads\/2016\/11\/Viviane_cover-3000-2048x2048.jpg 2048w\" sizes=\"auto, (max-width: 2560px) 100vw, 2560px\" \/>\t\t\t<\/a>\r\n\t\t<\/div>\r\n\t\t\r\n\t\t<div class=\"album_right vc_elem_album\">\r\n\t\t\t<div class=\"album_tracks\"><div class=\"single_track\"><div class=\"track_name\"><span class=\"track_order\">1.<\/span>Cenas<\/div><audio class=\"wp-audio-shortcode\" id=\"audio-2662-1\" preload=\"none\" style=\"width: 100%;\" controls=\"controls\"><source type=\"audio\/mpeg\" src=\"https:\/\/viviane.pt\/wp-content\/uploads\/2016\/11\/01-Viviane-Cenas-MP3-Master-RD-320Kbps.mp3?_=1\" \/><a href=\"https:\/\/viviane.pt\/wp-content\/uploads\/2016\/11\/01-Viviane-Cenas-MP3-Master-RD-320Kbps.mp3\">https:\/\/viviane.pt\/wp-content\/uploads\/2016\/11\/01-Viviane-Cenas-MP3-Master-RD-320Kbps.mp3<\/a><\/audio><\/div><div class=\"single_track\"><div class=\"track_name\"><span class=\"track_order\">2.<\/span>Quando Tiveres Tempo<\/div><audio class=\"wp-audio-shortcode\" id=\"audio-2662-2\" preload=\"none\" style=\"width: 100%;\" controls=\"controls\"><source type=\"audio\/mpeg\" src=\"https:\/\/viviane.pt\/wp-content\/uploads\/2016\/11\/02-Viviane-Quando-Tiveres-Tempo-MP3-Master-RD-320Kbps.mp3?_=2\" \/><a href=\"https:\/\/viviane.pt\/wp-content\/uploads\/2016\/11\/02-Viviane-Quando-Tiveres-Tempo-MP3-Master-RD-320Kbps.mp3\">https:\/\/viviane.pt\/wp-content\/uploads\/2016\/11\/02-Viviane-Quando-Tiveres-Tempo-MP3-Master-RD-320Kbps.mp3<\/a><\/audio><\/div><div class=\"single_track\"><div class=\"track_name\"><span class=\"track_order\">3.<\/span>Com O Fogo Na\u0303o Se Brinca<\/div><audio class=\"wp-audio-shortcode\" id=\"audio-2662-3\" preload=\"none\" style=\"width: 100%;\" controls=\"controls\"><source type=\"audio\/mpeg\" src=\"https:\/\/viviane.pt\/wp-content\/uploads\/2016\/11\/03-Viviane-Com-O-Fogo-Nao-Se-Brinca-MP3-Master-RD-320Kbps.mp3?_=3\" \/><a href=\"https:\/\/viviane.pt\/wp-content\/uploads\/2016\/11\/03-Viviane-Com-O-Fogo-Nao-Se-Brinca-MP3-Master-RD-320Kbps.mp3\">https:\/\/viviane.pt\/wp-content\/uploads\/2016\/11\/03-Viviane-Com-O-Fogo-Nao-Se-Brinca-MP3-Master-RD-320Kbps.mp3<\/a><\/audio><\/div><div class=\"single_track\"><div class=\"track_name\"><span class=\"track_order\">4.<\/span>Maricotinha<\/div><audio class=\"wp-audio-shortcode\" id=\"audio-2662-4\" preload=\"none\" style=\"width: 100%;\" controls=\"controls\"><source type=\"audio\/mpeg\" src=\"https:\/\/viviane.pt\/wp-content\/uploads\/2016\/11\/04-Viviane-Maricotinha-MP3-Master-RD-320Kbps.mp3?_=4\" \/><a href=\"https:\/\/viviane.pt\/wp-content\/uploads\/2016\/11\/04-Viviane-Maricotinha-MP3-Master-RD-320Kbps.mp3\">https:\/\/viviane.pt\/wp-content\/uploads\/2016\/11\/04-Viviane-Maricotinha-MP3-Master-RD-320Kbps.mp3<\/a><\/audio><\/div><div class=\"single_track\"><div class=\"track_name\"><span class=\"track_order\">5.<\/span>Mundo Digital<\/div><audio class=\"wp-audio-shortcode\" id=\"audio-2662-5\" preload=\"none\" style=\"width: 100%;\" controls=\"controls\"><source type=\"audio\/mpeg\" src=\"https:\/\/viviane.pt\/wp-content\/uploads\/2016\/11\/05-Viviane-Mundo-Digital-MP3-Master-RD-320Kbps.mp3?_=5\" \/><a href=\"https:\/\/viviane.pt\/wp-content\/uploads\/2016\/11\/05-Viviane-Mundo-Digital-MP3-Master-RD-320Kbps.mp3\">https:\/\/viviane.pt\/wp-content\/uploads\/2016\/11\/05-Viviane-Mundo-Digital-MP3-Master-RD-320Kbps.mp3<\/a><\/audio><\/div><div class=\"single_track\"><div class=\"track_name\"><span class=\"track_order\">6.<\/span>Todas As Canc\u0327o\u0303es<\/div><audio class=\"wp-audio-shortcode\" id=\"audio-2662-6\" preload=\"none\" style=\"width: 100%;\" controls=\"controls\"><source type=\"audio\/mpeg\" src=\"https:\/\/viviane.pt\/wp-content\/uploads\/2016\/11\/06-Viviane-Todas-As-Cancoes-MP3-Master-RD-320Kbps.mp3?_=6\" \/><a href=\"https:\/\/viviane.pt\/wp-content\/uploads\/2016\/11\/06-Viviane-Todas-As-Cancoes-MP3-Master-RD-320Kbps.mp3\">https:\/\/viviane.pt\/wp-content\/uploads\/2016\/11\/06-Viviane-Todas-As-Cancoes-MP3-Master-RD-320Kbps.mp3<\/a><\/audio><\/div><div class=\"single_track\"><div class=\"track_name\"><span class=\"track_order\">7.<\/span>Decidiste Voltar<\/div><audio class=\"wp-audio-shortcode\" id=\"audio-2662-7\" preload=\"none\" style=\"width: 100%;\" controls=\"controls\"><source type=\"audio\/mpeg\" src=\"https:\/\/viviane.pt\/wp-content\/uploads\/2016\/11\/07-Viviane-Decidiste-voltar-MP3-Master-RD-320Kbps.mp3?_=7\" \/><a href=\"https:\/\/viviane.pt\/wp-content\/uploads\/2016\/11\/07-Viviane-Decidiste-voltar-MP3-Master-RD-320Kbps.mp3\">https:\/\/viviane.pt\/wp-content\/uploads\/2016\/11\/07-Viviane-Decidiste-voltar-MP3-Master-RD-320Kbps.mp3<\/a><\/audio><\/div><div class=\"single_track\"><div class=\"track_name\"><span class=\"track_order\">8.<\/span>Zigue Zague<\/div><audio class=\"wp-audio-shortcode\" id=\"audio-2662-8\" preload=\"none\" style=\"width: 100%;\" controls=\"controls\"><source type=\"audio\/mpeg\" src=\"https:\/\/viviane.pt\/wp-content\/uploads\/2016\/11\/08-Viviane-Zigue-Zague-MP3-Master-RD-320Kbps.mp3?_=8\" \/><a href=\"https:\/\/viviane.pt\/wp-content\/uploads\/2016\/11\/08-Viviane-Zigue-Zague-MP3-Master-RD-320Kbps.mp3\">https:\/\/viviane.pt\/wp-content\/uploads\/2016\/11\/08-Viviane-Zigue-Zague-MP3-Master-RD-320Kbps.mp3<\/a><\/audio><\/div><div class=\"single_track\"><div class=\"track_name\"><span class=\"track_order\">9.<\/span>Escrevi O Teu Nome<\/div><audio class=\"wp-audio-shortcode\" id=\"audio-2662-9\" preload=\"none\" style=\"width: 100%;\" controls=\"controls\"><source type=\"audio\/mpeg\" src=\"https:\/\/viviane.pt\/wp-content\/uploads\/2016\/11\/09-Viviane-Escrevi-O-Teu-Nome-MP3-Master-RD-320Kbps.mp3?_=9\" \/><a href=\"https:\/\/viviane.pt\/wp-content\/uploads\/2016\/11\/09-Viviane-Escrevi-O-Teu-Nome-MP3-Master-RD-320Kbps.mp3\">https:\/\/viviane.pt\/wp-content\/uploads\/2016\/11\/09-Viviane-Escrevi-O-Teu-Nome-MP3-Master-RD-320Kbps.mp3<\/a><\/audio><\/div><div class=\"single_track\"><div class=\"track_name\"><span class=\"track_order\">10.<\/span>Oh! Meu Pequeno Pai\u0301s<\/div><audio class=\"wp-audio-shortcode\" id=\"audio-2662-10\" preload=\"none\" style=\"width: 100%;\" controls=\"controls\"><source type=\"audio\/mpeg\" src=\"https:\/\/viviane.pt\/wp-content\/uploads\/2016\/11\/10-Viviane-Oh-Meu-Pequeno-Pais-MP3-Master-RD-320Kbps.mp3?_=10\" \/><a href=\"https:\/\/viviane.pt\/wp-content\/uploads\/2016\/11\/10-Viviane-Oh-Meu-Pequeno-Pais-MP3-Master-RD-320Kbps.mp3\">https:\/\/viviane.pt\/wp-content\/uploads\/2016\/11\/10-Viviane-Oh-Meu-Pequeno-Pais-MP3-Master-RD-320Kbps.mp3<\/a><\/audio><\/div><\/div><div class=\"small_content_padding\"><\/div>\t\t\t<div class=\"lc_event_entry text_left\">\r\n\t\t\t\t\t\t\t\t\t<div class=\"lc_button album_buy_from\">\r\n\t\t\t\t\t\t<a href=\"https:\/\/amazon.com\/music\/player\/albums\/B09YGC72NY?marketplaceId=ATVPDKIKX0DER&#038;musicTerritory=US&#038;ref=dm_sh_S6tkVszfNMlft61sKNPF2KtCl\">\r\n\t\t\t\t\t\t\tComprar na Amazon\t\t\t\t\t\t<\/a>\r\n\t\t\t\t\t<\/div>\r\n\t\t\t\t\r\n\t\t\t\t\t\t\t\t\t<div class=\"lc_button album_buy_from\">\r\n\t\t\t\t\t\t<a href=\"https:\/\/music.apple.com\/pt\/album\/quando-tiveres-tempo\/1622422858\">\r\n\t\t\t\t\t\t\tComprar no iTunes\t\t\t\t\t\t<\/a>\r\n\t\t\t\t\t<\/div>\r\n\t\t\t\t\r\n\t\t\t\t\r\n\t\t\t\t\r\n\t\t\t\t\r\n\t\t\t\t\t\t\t<\/div>\t\t\t\r\n\t\t<\/div>\r\n\t\t\r\n\t<\/div>\r\n[\/vc_column_inner][\/vc_row_inner][\/vc_column][\/vc_row][vc_row js_color_overlay=&#8221;#1b1b1b&#8221;][vc_column css=&#8221;.vc_custom_1757701532912{background-color: #0c0c0c !important;}&#8221;][vc_row_inner css=&#8221;.vc_custom_1480013935062{margin-top: 80px !important;margin-bottom: 60px !important;}&#8221;][vc_column_inner]\t\r\n\t<div class=\"lc_vc_section_title text_center\">\r\n\t\t<h2 class=\"section_title\"><span class=\"lc_vibrant_color\">Galeria<\/span><\/h2>\r\n\t\t<h4 class=\"section_subtitle\"><\/h4>\r\n\t<\/div>\r\n\t\r\n\t[\/vc_column_inner][\/vc_row_inner][vc_row_inner css=&#8221;.vc_custom_1480065929541{margin-top: 0px !important;padding-bottom: 80px !important;}&#8221;][vc_column_inner]<div class=\"lc_swp_justified_gallery\" data-rheight=\"250\"><div class=\"img_box\"><div class=\"gallery_brick_overlay\"><\/div><a href=\"https:\/\/viviane.pt\/wp-content\/uploads\/2026\/02\/conta.jpg\" data-lightbox=\"photoAlbum484292861\"><img loading=\"lazy\" decoding=\"async\" width=\"1333\" height=\"839\" src=\"https:\/\/viviane.pt\/wp-content\/uploads\/2026\/02\/conta.jpg\" class=\"attachment-full size-full\" alt=\"\" srcset=\"https:\/\/viviane.pt\/wp-content\/uploads\/2026\/02\/conta.jpg 1333w, https:\/\/viviane.pt\/wp-content\/uploads\/2026\/02\/conta-300x189.jpg 300w, https:\/\/viviane.pt\/wp-content\/uploads\/2026\/02\/conta-1024x645.jpg 1024w, https:\/\/viviane.pt\/wp-content\/uploads\/2026\/02\/conta-768x483.jpg 768w\" sizes=\"auto, (max-width: 1333px) 100vw, 1333px\" \/><\/a><\/div><div class=\"img_box\"><div class=\"gallery_brick_overlay\"><\/div><a href=\"https:\/\/viviane.pt\/wp-content\/uploads\/2025\/08\/Viviane-Photo-scaled.jpg\" data-lightbox=\"photoAlbum484292861\"><img loading=\"lazy\" decoding=\"async\" width=\"2560\" height=\"1707\" src=\"https:\/\/viviane.pt\/wp-content\/uploads\/2025\/08\/Viviane-Photo-scaled.jpg\" class=\"attachment-full size-full\" alt=\"\" srcset=\"https:\/\/viviane.pt\/wp-content\/uploads\/2025\/08\/Viviane-Photo-scaled.jpg 2560w, https:\/\/viviane.pt\/wp-content\/uploads\/2025\/08\/Viviane-Photo-300x200.jpg 300w, https:\/\/viviane.pt\/wp-content\/uploads\/2025\/08\/Viviane-Photo-1024x683.jpg 1024w, https:\/\/viviane.pt\/wp-content\/uploads\/2025\/08\/Viviane-Photo-768x512.jpg 768w, https:\/\/viviane.pt\/wp-content\/uploads\/2025\/08\/Viviane-Photo-1536x1024.jpg 1536w, https:\/\/viviane.pt\/wp-content\/uploads\/2025\/08\/Viviane-Photo-2048x1365.jpg 2048w\" sizes=\"auto, (max-width: 2560px) 100vw, 2560px\" \/><\/a><\/div><div class=\"img_box\"><div class=\"gallery_brick_overlay\"><\/div><a href=\"https:\/\/viviane.pt\/wp-content\/uploads\/2016\/11\/Viviane-Edith-Piaf-shoot-2017-3-scaled.jpg\" data-lightbox=\"photoAlbum484292861\"><img loading=\"lazy\" decoding=\"async\" width=\"2560\" height=\"1851\" src=\"https:\/\/viviane.pt\/wp-content\/uploads\/2016\/11\/Viviane-Edith-Piaf-shoot-2017-3-scaled.jpg\" class=\"attachment-full size-full\" alt=\"\" srcset=\"https:\/\/viviane.pt\/wp-content\/uploads\/2016\/11\/Viviane-Edith-Piaf-shoot-2017-3-scaled.jpg 2560w, https:\/\/viviane.pt\/wp-content\/uploads\/2016\/11\/Viviane-Edith-Piaf-shoot-2017-3-300x217.jpg 300w, https:\/\/viviane.pt\/wp-content\/uploads\/2016\/11\/Viviane-Edith-Piaf-shoot-2017-3-1024x740.jpg 1024w, https:\/\/viviane.pt\/wp-content\/uploads\/2016\/11\/Viviane-Edith-Piaf-shoot-2017-3-768x555.jpg 768w, https:\/\/viviane.pt\/wp-content\/uploads\/2016\/11\/Viviane-Edith-Piaf-shoot-2017-3-1536x1110.jpg 1536w, https:\/\/viviane.pt\/wp-content\/uploads\/2016\/11\/Viviane-Edith-Piaf-shoot-2017-3-2048x1481.jpg 2048w\" sizes=\"auto, (max-width: 2560px) 100vw, 2560px\" \/><\/a><\/div><div class=\"img_box\"><div class=\"gallery_brick_overlay\"><\/div><a href=\"https:\/\/viviane.pt\/wp-content\/uploads\/2026\/02\/Viviane-promo-copia-scaled.jpg\" data-lightbox=\"photoAlbum484292861\"><img loading=\"lazy\" decoding=\"async\" width=\"2292\" height=\"2560\" src=\"https:\/\/viviane.pt\/wp-content\/uploads\/2026\/02\/Viviane-promo-copia-scaled.jpg\" class=\"attachment-full size-full\" alt=\"\" srcset=\"https:\/\/viviane.pt\/wp-content\/uploads\/2026\/02\/Viviane-promo-copia-scaled.jpg 2292w, https:\/\/viviane.pt\/wp-content\/uploads\/2026\/02\/Viviane-promo-copia-269x300.jpg 269w, https:\/\/viviane.pt\/wp-content\/uploads\/2026\/02\/Viviane-promo-copia-917x1024.jpg 917w, https:\/\/viviane.pt\/wp-content\/uploads\/2026\/02\/Viviane-promo-copia-768x858.jpg 768w, https:\/\/viviane.pt\/wp-content\/uploads\/2026\/02\/Viviane-promo-copia-1375x1536.jpg 1375w, https:\/\/viviane.pt\/wp-content\/uploads\/2026\/02\/Viviane-promo-copia-1833x2048.jpg 1833w\" sizes=\"auto, (max-width: 2292px) 100vw, 2292px\" \/><\/a><\/div><\/div><div class=\"lc_view_more view_more_justified_gallery lc_swp_boxed\"><a href=\"https:\/\/viviane.pt\/index.php\/galeria\/\">Ver Galeria<\/a><\/div>[\/vc_column_inner][\/vc_row_inner][\/vc_column][\/vc_row][vc_row][vc_column css=&#8221;.vc_custom_1757701564279{background-color: #0a0a0a !important;}&#8221;][vc_row_inner css=&#8221;.vc_custom_1480014608605{margin-top: 80px !important;margin-bottom: 60px !important;}&#8221;][vc_column_inner css=&#8221;.vc_custom_1770573425132{margin-top: -80px !important;}&#8221;]\t\r\n\t<div class=\"lc_vc_section_title text_center\">\r\n\t\t<h2 class=\"section_title\">\u00daltimas<span class=\"lc_vibrant_color\"> Not\u00edcias<\/span><\/h2>\r\n\t\t<h4 class=\"section_subtitle\"><\/h4>\r\n\t<\/div>\r\n\t\r\n\t[\/vc_column_inner][\/vc_row_inner][vc_row_inner css=&#8221;.vc_custom_1480016392227{margin-top: 60px !important;margin-bottom: 100px !important;}&#8221;][vc_column_inner css=&#8221;.vc_custom_1770573370997{margin-top: -80px !important;}&#8221;]\t\t<div class=\"lc_swp_boxed lc_blog_masonry_container grid_container blog_container\">\r\n\t\t\t<div class=\"brick3 blog-brick-size\"><\/div>\r\n\t\t\t\t\t\t\t<article class=\"post_item lc_blog_masonry_brick no_thumbnail post-2375 post type-post status-publish format-standard hentry category-singles\">\r\n\t\t\t\t\t\r\n\t\t\t\t\t<div class=\"post_item_details no_thumbnail vc_element\">\r\n\t\t\t\t\t\t<a href=\"https:\/\/viviane.pt\/index.php\/2026\/02\/02\/viviane-faz-tourne-pela-lituania\/\">\r\n\t\t\t\t\t\t\t<h2 class=\"lc_post_title transition4 masonry_post_title\">\r\n\t\t\t\t\t\t\t\tViviane faz tourn\u00e9 pela Litu\u00e2nia\t\t\t\t\t\t\t<\/h2>\r\n\t\t\t\t\t\t<\/a>\r\n\r\n\t\t\t\t\t\t<div class=\"post_item_meta lc_post_meta masonry_post_meta\">\r\n\t\t\t\t\t\t\t<span class=\"swp_date_meta\">\r\n\t\t\t\t\t\t\t\t2 de February, 2026\t\t\t\t\t\t\t<\/span>\r\n\r\n\t\t\t\t\t\t\t<span class=\"swp_author_meta\">\r\n\t\t\t\t\t\t\t\tby\t\t\t\t\t\t\t\t<a href=\"https:\/\/viviane.pt\/index.php\/author\/limpo-jose\/\">\r\n\t\t\t\t\t\t\t\t\tlimpo.jose\t\t\t\t\t\t\t\t<\/a>\r\n\t\t\t\t\t\t\t<\/span>\r\n\r\n\t\t\t\t\t\t\t \r\n\t\t\t\t\t\t\t\t<span class=\"swp_cat_meta\"> \r\n\t\t\t\t\t\t\t\t\tin&nbsp;<a href=\"https:\/\/viviane.pt\/index.php\/category\/singles\/\" rel=\"tag\">Singles<\/a> \r\n\t\t\t\t\t\t\t\t<\/span> \r\n\t\t\t\t\t\t\t\t\t\t\t\t\t<\/div>\r\n\r\n\t\t\t\t\t\t\t\t\t\t\t\t<div class=\"lc_post_excerpt\">\r\n\t\t\t\t\t\t\t<p>Viviane regressa pela 6\u00aa vez para uma tourn\u00e9 pela Litu\u00e2nia. Viviane apresentar\u00e1 o seu concerto &#8220;Fado Mediterr\u00e2nico&#8221;\u00a0 no dia 6&hellip;<\/p>\t\t\t\t\t\t<\/div>\r\n\t\t\t\t\t\t\r\n\t\t\t\t\t\t<div class=\"lc_button\">\r\n\t\t\t\t\t\t\t<a href=\"https:\/\/viviane.pt\/index.php\/2026\/02\/02\/viviane-faz-tourne-pela-lituania\/\">\r\n\t\t\t\t\t\t\t\tRead more\t\t\t\t\t\t\t<\/a>\r\n\t\t\t\t\t\t<\/div>\r\n\t\t\t\t\t<\/div>\r\n\t\t\t\t<\/article>\r\n\t\t\t\t\t\t\t<article class=\"post_item lc_blog_masonry_brick no_thumbnail post-1 post type-post status-publish format-standard hentry category-blog\">\r\n\t\t\t\t\t\r\n\t\t\t\t\t<div class=\"post_item_details no_thumbnail vc_element\">\r\n\t\t\t\t\t\t<a href=\"https:\/\/viviane.pt\/index.php\/2026\/02\/02\/viviane-tem-novo-single-alfama\/\">\r\n\t\t\t\t\t\t\t<h2 class=\"lc_post_title transition4 masonry_post_title\">\r\n\t\t\t\t\t\t\t\tViviane tem novo single &#8220;Alfama&#8221;\t\t\t\t\t\t\t<\/h2>\r\n\t\t\t\t\t\t<\/a>\r\n\r\n\t\t\t\t\t\t<div class=\"post_item_meta lc_post_meta masonry_post_meta\">\r\n\t\t\t\t\t\t\t<span class=\"swp_date_meta\">\r\n\t\t\t\t\t\t\t\t2 de February, 2026\t\t\t\t\t\t\t<\/span>\r\n\r\n\t\t\t\t\t\t\t<span class=\"swp_author_meta\">\r\n\t\t\t\t\t\t\t\tby\t\t\t\t\t\t\t\t<a href=\"https:\/\/viviane.pt\/index.php\/author\/limpo-jose\/\">\r\n\t\t\t\t\t\t\t\t\tlimpo.jose\t\t\t\t\t\t\t\t<\/a>\r\n\t\t\t\t\t\t\t<\/span>\r\n\r\n\t\t\t\t\t\t\t \r\n\t\t\t\t\t\t\t\t<span class=\"swp_cat_meta\"> \r\n\t\t\t\t\t\t\t\t\tin&nbsp;<a href=\"https:\/\/viviane.pt\/index.php\/category\/blog\/\" rel=\"tag\">Blog<\/a> \r\n\t\t\t\t\t\t\t\t<\/span> \r\n\t\t\t\t\t\t\t\t\t\t\t\t\t<\/div>\r\n\r\n\t\t\t\t\t\t\t\t\t\t\t\t<div class=\"lc_post_excerpt\">\r\n\t\t\t\t\t\t\t<p>Viviane lan\u00e7a no dia&nbsp;13 de fevereiro&nbsp;o single&nbsp;\u201cAlfama\u201d que estar\u00e1 dispon\u00edvel em todas as plataformas digitais. O tema \u00e9 uma nova&hellip;<\/p>\t\t\t\t\t\t<\/div>\r\n\t\t\t\t\t\t\r\n\t\t\t\t\t\t<div class=\"lc_button\">\r\n\t\t\t\t\t\t\t<a href=\"https:\/\/viviane.pt\/index.php\/2026\/02\/02\/viviane-tem-novo-single-alfama\/\">\r\n\t\t\t\t\t\t\t\tRead more\t\t\t\t\t\t\t<\/a>\r\n\t\t\t\t\t\t<\/div>\r\n\t\t\t\t\t<\/div>\r\n\t\t\t\t<\/article>\r\n\t\t\t\t\t\t\t<article class=\"post_item lc_blog_masonry_brick no_thumbnail post-107 post type-post status-publish format-standard hentry category-music\">\r\n\t\t\t\t\t\r\n\t\t\t\t\t<div class=\"post_item_details no_thumbnail vc_element\">\r\n\t\t\t\t\t\t<a href=\"https:\/\/viviane.pt\/index.php\/2026\/02\/02\/viviane-grava-novo-videoclipe\/\">\r\n\t\t\t\t\t\t\t<h2 class=\"lc_post_title transition4 masonry_post_title\">\r\n\t\t\t\t\t\t\t\tViviane grava novo videoclipe\t\t\t\t\t\t\t<\/h2>\r\n\t\t\t\t\t\t<\/a>\r\n\r\n\t\t\t\t\t\t<div class=\"post_item_meta lc_post_meta masonry_post_meta\">\r\n\t\t\t\t\t\t\t<span class=\"swp_date_meta\">\r\n\t\t\t\t\t\t\t\t2 de February, 2026\t\t\t\t\t\t\t<\/span>\r\n\r\n\t\t\t\t\t\t\t<span class=\"swp_author_meta\">\r\n\t\t\t\t\t\t\t\tby\t\t\t\t\t\t\t\t<a href=\"https:\/\/viviane.pt\/index.php\/author\/limpo-jose\/\">\r\n\t\t\t\t\t\t\t\t\tlimpo.jose\t\t\t\t\t\t\t\t<\/a>\r\n\t\t\t\t\t\t\t<\/span>\r\n\r\n\t\t\t\t\t\t\t \r\n\t\t\t\t\t\t\t\t<span class=\"swp_cat_meta\"> \r\n\t\t\t\t\t\t\t\t\tin&nbsp;<a href=\"https:\/\/viviane.pt\/index.php\/category\/music\/\" rel=\"tag\">Music<\/a> \r\n\t\t\t\t\t\t\t\t<\/span> \r\n\t\t\t\t\t\t\t\t\t\t\t\t\t<\/div>\r\n\r\n\t\t\t\t\t\t\t\t\t\t\t\t<div class=\"lc_post_excerpt\">\r\n\t\t\t\t\t\t\t<p>Viviane tem novo videoclipe do single &#8220;Alfama&#8221; que tem data de sa\u00edda marcada para dia 13 de fevereiro. O videoclipe,&hellip;<\/p>\t\t\t\t\t\t<\/div>\r\n\t\t\t\t\t\t\r\n\t\t\t\t\t\t<div class=\"lc_button\">\r\n\t\t\t\t\t\t\t<a href=\"https:\/\/viviane.pt\/index.php\/2026\/02\/02\/viviane-grava-novo-videoclipe\/\">\r\n\t\t\t\t\t\t\t\tRead more\t\t\t\t\t\t\t<\/a>\r\n\t\t\t\t\t\t<\/div>\r\n\t\t\t\t\t<\/div>\r\n\t\t\t\t<\/article>\r\n\t\t\t\t\t<\/div>\r\n\t\t[\/vc_column_inner][\/vc_row_inner][\/vc_column][\/vc_row]<\/p>\n<\/div>","protected":false},"excerpt":{"rendered":"<p>[vc_row][vc_column][rev_slider_vc alias=&#8221;SliderMainDemo&#8221;][\/vc_column][\/vc_row][vc_row js_color_overlay=&#8221;#1b1b1b&#8221;][vc_column css=&#8221;.vc_custom_1770573199386{margin-top: 40px !important;}&#8221;][vc_empty_space height=&#8221;40px&#8221;][vc_row_inner css=&#8221;.vc_custom_1479812469116{margin-top: 80px !important;margin-bottom: 60px !important;}&#8221;][vc_column_inner][\/vc_column_inner][\/vc_row_inner][vc_row_inner css=&#8221;.vc_custom_1479812495937{margin-top: 80px !important;margin-bottom: 80px !important;}&#8221;][vc_column_inner css=&#8221;.vc_custom_1770574583611{margin-top: -20px !important;}&#8221;][\/vc_column_inner][\/vc_row_inner][\/vc_column][\/vc_row][vc_row][vc_column css=&#8221;.vc_custom_1757701519313{background-color: #0a0a0a !important;}&#8221;][vc_row_inner css=&#8221;.vc_custom_1480013705392{margin-top: 80px !important;margin-bottom: 60px !important;}&#8221;][vc_column_inner][\/vc_column_inner][\/vc_row_inner][vc_row_inner css=&#8221;.vc_custom_1480013713667{margin-top: 60px !important;margin-bottom: 80px !important;}&#8221;][vc_column_inner][\/vc_column_inner][\/vc_row_inner][\/vc_column][\/vc_row][vc_row js_color_overlay=&#8221;#1b1b1b&#8221;][vc_column css=&#8221;.vc_custom_1757701532912{background-color: #0c0c0c !important;}&#8221;][vc_row_inner css=&#8221;.vc_custom_1480013935062{margin-top: 80px !important;margin-bottom:&#8230;<\/p>\n","protected":false},"author":1,"featured_media":0,"parent":0,"menu_order":0,"comment_status":"closed","ping_status":"closed","template":"template-visual-composer.php","meta":{"footnotes":""},"class_list":["post-2662","page","type-page","status-publish","hentry"],"_links":{"self":[{"href":"https:\/\/viviane.pt\/index.php\/wp-json\/wp\/v2\/pages\/2662","targetHints":{"allow":["GET"]}}],"collection":[{"href":"https:\/\/viviane.pt\/index.php\/wp-json\/wp\/v2\/pages"}],"about":[{"href":"https:\/\/viviane.pt\/index.php\/wp-json\/wp\/v2\/types\/page"}],"author":[{"embeddable":true,"href":"https:\/\/viviane.pt\/index.php\/wp-json\/wp\/v2\/users\/1"}],"replies":[{"embeddable":true,"href":"https:\/\/viviane.pt\/index.php\/wp-json\/wp\/v2\/comments?post=2662"}],"version-history":[{"count":23,"href":"https:\/\/viviane.pt\/index.php\/wp-json\/wp\/v2\/pages\/2662\/revisions"}],"predecessor-version":[{"id":2826,"href":"https:\/\/viviane.pt\/index.php\/wp-json\/wp\/v2\/pages\/2662\/revisions\/2826"}],"wp:attachment":[{"href":"https:\/\/viviane.pt\/index.php\/wp-json\/wp\/v2\/media?parent=2662"}],"curies":[{"name":"wp","href":"https:\/\/api.w.org\/{rel}","templated":true}]}}